{"id":2823,"date":"2022-05-01T19:38:25","date_gmt":"2022-05-01T19:38:25","guid":{"rendered":"https:\/\/rootofjoy.com\/?page_id=2823"},"modified":"2026-02-10T08:46:29","modified_gmt":"2026-02-10T08:46:29","slug":"how-to-make-an-emulsion-a-natural-makeup-remover","status":"publish","type":"page","link":"https:\/\/rootofjoy.com\/hr\/how-to-make-an-emulsion-a-natural-makeup-remover\/","title":{"rendered":"How to make an emulsion -a natural makeup remover"},"content":{"rendered":"<div class=\"brz-root__container brz-reset-all\">\n<section data-uid=\"kiuqxvqywziwjlcpsiaznprkqmcjdnhgcygj\" id=\"kiuqxvqywziwjlcpsiaznprkqmcjdnhgcygj\" class=\"brz-section brz-css-gjlxq brz-css-gvnxm\">\n<div class=\"brz-section__content brz-section--fullWidth brz-css-wuekn brz-css-ppdhj\" data-custom-id=\"qkbdolykuybvvdcustakiykmfykhiwhjggyn\">\n<div class=\"brz-bg overflow-hidden absolute top-0 left-0 w-full h-full\">\n<div class=\"brz-bg-color absolute top-0 left-0 w-full h-full\"><\/div>\n<\/div>\n<div class=\"brz-container brz-css-lqkhe brz-css-xtojr\">\n<div class=\"brz-row__container brz-css-hbdbk\" data-custom-id=\"tmozlypnhfvsdasybtrmudunsacxwgslywxk\">\n<div class=\"brz-bg overflow-hidden absolute top-0 left-0 w-full h-full\"><\/div>\n<div class=\"brz-row brz-css-ikzku brz-css-sbocm\">\n<div class=\"brz-columns brz-css-xlosy brz-css-gemfi\" data-custom-id=\"rhcvbonghcyxmpabuddjsoeihfzfuoxlyete\">\n<div class=\"brz-bg overflow-hidden absolute top-0 left-0 w-full h-full\"><\/div>\n<div class=\"brz-column__items brz-css-rxoqm\">\n<div class=\"brz-css-ytnqw brz-css-lowrs brz-wrapper navbar-temp\">\n<div class=\"brz-menu-simple brz-css-kfjsb brz-css-zhmwl\">\n<div style=\"min-height:20px\">\n<div class=\"menu-navbar-left-container\">\n<ul id=\"menu-navbar-left\" class=\"menu\">\n<li id=\"menu-item-2757\" class=\"menu-item menu-item-type-post_type menu-item-object-page menu-item-2757\"><a href=\"https:\/\/rootofjoy.com\/hr\/services\/\">Usluge<\/a><\/li>\n<li id=\"menu-item-5393\" class=\"menu-item menu-item-type-post_type menu-item-object-page menu-item-5393\"><a href=\"https:\/\/rootofjoy.com\/hr\/home-and-office-organization\/\">Organizacija doma i ureda<\/a><\/li>\n<li id=\"menu-item-5387\" class=\"menu-item menu-item-type-post_type menu-item-object-page menu-item-5387\"><a href=\"https:\/\/rootofjoy.com\/hr\/meet-petra\/\">Upoznaj Petru<\/a><\/li>\n<\/ul>\n<\/div>\n<\/div>\n<\/div>\n<\/div>\n<\/div>\n<\/div>\n<div class=\"brz-columns brz-css-xlosy brz-css-pdqtk\" data-custom-id=\"dgrugoypxypuexinhpypwvcbkfnpugshauit\">\n<div class=\"brz-bg overflow-hidden absolute top-0 left-0 w-full h-full\"><\/div>\n<div class=\"brz-column__items brz-css-rxoqm\">\n<div class=\"brz-css-ytnqw brz-css-iltoy brz-wrapper\">\n<div class=\"brz-image brz-css-wqcan brz-css-zgzhf\"><a class=\"brz-a\" href=\"\/hr\/\" data-brz-link-type=\"external\" id data-custom-id=\"lgvfqndkmgepzbscudpzlmcdgkqpjlotoahl\"><img decoding=\"async\" class=\"brz-img\" src=\"https:\/\/rootofjoy.com\/wp-content\/uploads\/brizy\/imgs\/logo-2-150x150x0x0x150x150x1615400984.png\" alt=\"root of joy\" loading=\"lazy\" \/><\/a><\/div>\n<\/div>\n<\/div>\n<\/div>\n<div class=\"brz-columns brz-css-xlosy brz-css-pvugl\" data-custom-id=\"vdotvjldygrttitzmbezzbpjqhawnwfbkbmt\">\n<div class=\"brz-bg overflow-hidden absolute top-0 left-0 w-full h-full\"><\/div>\n<div class=\"brz-column__items brz-css-rxoqm\">\n<div class=\"brz-css-ytnqw brz-css-kzjdz brz-wrapper navbar-temp\">\n<div class=\"brz-menu-simple brz-css-kfjsb brz-css-dimlb\">\n<div style=\"min-height:20px\">\n<div class=\"menu-navbar-right-container\">\n<ul id=\"menu-navbar-right\" class=\"menu\">\n<li id=\"menu-item-5394\" class=\"menu-item menu-item-type-post_type menu-item-object-page menu-item-5394\"><a href=\"https:\/\/rootofjoy.com\/hr\/zero-waste-3\/\">Zero waste<\/a><\/li>\n<li id=\"menu-item-5390\" class=\"menu-item menu-item-type-post_type menu-item-object-page menu-item-5390\"><a href=\"https:\/\/rootofjoy.com\/hr\/faq\/\">\u010cesta pitanja<\/a><\/li>\n<li id=\"menu-item-2804\" class=\"menu-item menu-item-type-post_type menu-item-object-page menu-item-2804\"><a href=\"https:\/\/rootofjoy.com\/hr\/contact\/\">Kontakt<\/a><\/li>\n<li id=\"menu-item-1652\" class=\"trp-language-switcher-container menu-item menu-item-type-post_type menu-item-object-language_switcher current-language-menu-item menu-item-1652\"><a href=\"https:\/\/rootofjoy.com\/hr\/how-to-make-an-emulsion-a-natural-makeup-remover\/\"><span data-no-translation><span class=\"trp-ls-language-name\">EN<\/span><\/span><\/a><\/li>\n<li id=\"menu-item-1653\" class=\"trp-language-switcher-container menu-item menu-item-type-post_type menu-item-object-language_switcher current-language-menu-item menu-item-1653\"><a href=\"https:\/\/rootofjoy.com\/hr\/how-to-make-an-emulsion-a-natural-makeup-remover\/\"><span data-no-translation><span class=\"trp-ls-language-name\">HR<\/span><\/span><\/a><\/li>\n<\/ul>\n<\/div>\n<\/div>\n<\/div>\n<\/div>\n<\/div>\n<\/div>\n<\/div>\n<\/div>\n<\/div>\n<\/div>\n<\/section>\n<section data-uid=\"emdtkaebgawdsfvfgefysnjcknqxbgnlznea\" id=\"emdtkaebgawdsfvfgefysnjcknqxbgnlznea\" class=\"brz-section brz-css-gjlxq brz-css-svzqw\">\n<div class=\"brz-section__content brz-section--fullWidth brz-css-wuekn brz-css-lmhmt\" data-custom-id=\"vuxrmnojxgqmabyckripjdvpdxwzavfxiqxc\">\n<div class=\"brz-bg overflow-hidden absolute top-0 left-0 w-full h-full\">\n<div class=\"brz-bg-color absolute top-0 left-0 w-full h-full\"><\/div>\n<\/div>\n<div class=\"brz-container brz-css-lqkhe brz-css-embsg\">\n<div class=\"brz-row__container brz-css-hbdbk\" data-custom-id=\"htryfqwzzpsrmevyfwspanpdwguvpogifvyy\">\n<div class=\"brz-bg overflow-hidden absolute top-0 left-0 w-full h-full\"><\/div>\n<div class=\"brz-row brz-css-ikzku brz-css-sbocm\">\n<div class=\"brz-columns brz-css-xlosy brz-css-utmjf\" data-custom-id=\"dqfeyghxufhnqkmfufabhcnelsfflfnfitwp\">\n<div class=\"brz-bg overflow-hidden absolute top-0 left-0 w-full h-full\"><\/div>\n<div class=\"brz-column__items brz-css-rxoqm\">\n<div class=\"brz-css-ytnqw brz-css-bwdqp brz-wrapper\">\n<div class=\"brz-rich-text brz-rich-text__custom brz-css-xthqp\" data-custom-id=\"vdvtliffdowhlylpsbhoumislnjabbklkfap\">\n<div>\n<p class=\"brz-css-kaimh\" data-uniq-id=\"jefaz\" data-generated-css=\"brz-css-mzjtw\"><a href=\"\/hr\/\" class=\"link--external brz-cp-color7\" data-brz-link-type=\"external\"><u>Root of Joy<\/u><\/a><\/p>\n<\/div>\n<\/div>\n<\/div>\n<div class=\"brz-css-ytnqw brz-wrapper\">\n<div class=\"brz-menu-simple brz-css-kfjsb brz-css-rmzte\">\n<div style=\"min-height:20px\">\n<div class=\"menu-navbar-mobile-container\">\n<ul id=\"menu-navbar-mobile\" class=\"menu\">\n<li id=\"menu-item-2781\" class=\"menu-item menu-item-type-post_type menu-item-object-page menu-item-2781\"><a href=\"https:\/\/rootofjoy.com\/hr\/services\/\">Usluge<\/a><\/li>\n<li id=\"menu-item-5385\" class=\"menu-item menu-item-type-post_type menu-item-object-page menu-item-5385\"><a href=\"https:\/\/rootofjoy.com\/hr\/home-and-office-organization\/\">Organizacija doma i ureda<\/a><\/li>\n<li id=\"menu-item-5386\" class=\"menu-item menu-item-type-post_type menu-item-object-page menu-item-5386\"><a href=\"https:\/\/rootofjoy.com\/hr\/meet-petra\/\">Upoznaj Petru<\/a><\/li>\n<li id=\"menu-item-3082\" class=\"menu-item menu-item-type-post_type menu-item-object-page menu-item-3082\"><a href=\"https:\/\/rootofjoy.com\/hr\/zero-waste-3\/\">Zero waste<\/a><\/li>\n<li id=\"menu-item-5391\" class=\"menu-item menu-item-type-post_type menu-item-object-page menu-item-5391\"><a href=\"https:\/\/rootofjoy.com\/hr\/faq\/\">\u010cesta pitanja<\/a><\/li>\n<li id=\"menu-item-2806\" class=\"menu-item menu-item-type-post_type menu-item-object-page menu-item-2806\"><a href=\"https:\/\/rootofjoy.com\/hr\/contact\/\">Kontakt<\/a><\/li>\n<li id=\"menu-item-1654\" class=\"trp-language-switcher-container menu-item menu-item-type-post_type menu-item-object-language_switcher current-language-menu-item menu-item-1654\"><a href=\"https:\/\/rootofjoy.com\/hr\/how-to-make-an-emulsion-a-natural-makeup-remover\/\"><span data-no-translation><span class=\"trp-ls-language-name\">EN<\/span><\/span><\/a><\/li>\n<li id=\"menu-item-1655\" class=\"trp-language-switcher-container menu-item menu-item-type-post_type menu-item-object-language_switcher current-language-menu-item menu-item-1655\"><a href=\"https:\/\/rootofjoy.com\/hr\/how-to-make-an-emulsion-a-natural-makeup-remover\/\"><span data-no-translation><span class=\"trp-ls-language-name\">HR<\/span><\/span><\/a><\/li>\n<\/ul>\n<\/div>\n<\/div>\n<\/div>\n<\/div>\n<\/div>\n<\/div>\n<\/div>\n<\/div>\n<\/div>\n<\/div>\n<\/section>\n<section data-uid=\"yccpwlubitqhobpjjisiriicypudembcuovw\" id=\"yccpwlubitqhobpjjisiriicypudembcuovw\" class=\"brz-section brz-css-gjlxq brz-css-fnvat\">\n<div class=\"brz-section__content brz-section--fullWidth brz-css-wuekn brz-css-ctmvn\" data-custom-id=\"jkczdkoubgqcjffbqqqafycxjjuiuukabowe\">\n<div class=\"brz-bg overflow-hidden absolute top-0 left-0 w-full h-full\">\n<div class=\"brz-bg-color absolute top-0 left-0 w-full h-full\"><\/div>\n<\/div>\n<div class=\"brz-container brz-css-lqkhe brz-css-wpxop\">\n<div class=\"brz-row__container brz-css-hbdbk\" data-custom-id=\"nzrivnmbzvwgugpjsqvrxlmlaglvucyysazx\">\n<div class=\"brz-bg overflow-hidden absolute top-0 left-0 w-full h-full\"><\/div>\n<div class=\"brz-row brz-css-ikzku brz-css-sbocm\">\n<div class=\"brz-columns brz-css-xlosy brz-css-fygep\" data-custom-id=\"nvpsbkldfhphdjcaivkxjulbmthywbyikine\">\n<div class=\"brz-bg overflow-hidden absolute top-0 left-0 w-full h-full\"><\/div>\n<div class=\"brz-column__items brz-css-rxoqm\">\n<div class=\"brz-css-ytnqw brz-wrapper\">\n<div class=\"brz-image brz-css-ikrpf brz-css-wijtc\"><a class=\"brz-a\" href=\"\/hr\/\" data-brz-link-type=\"external\" id data-custom-id=\"qirnbjofayrxasomyyrnyyqqlvklvnvismjg\"><img decoding=\"async\" class=\"brz-img\" src=\"https:\/\/rootofjoy.com\/wp-content\/uploads\/brizy\/imgs\/logo-2-100x100x0x0x100x100x1615400984.png\" alt=\"root of joy\" loading=\"lazy\" \/><\/a><\/div>\n<\/div>\n<\/div>\n<\/div>\n<div class=\"brz-columns brz-css-xlosy brz-css-uxqxo\" data-custom-id=\"pmwhfurqjdferuspjkowwgpanczxsakuwxpt\">\n<div class=\"brz-bg overflow-hidden absolute top-0 left-0 w-full h-full\"><\/div>\n<div class=\"brz-column__items brz-css-rxoqm\">\n<div class=\"brz-css-ytnqw brz-css-pgmoe brz-wrapper\">\n<div class=\"brz-menu-simple brz-css-kfjsb brz-css-hxczp\">\n<div class=\"brz-menu-simple__toggle brz-menu-simple__toggle--mobile\"><label class=\"brz-menu-simple__icon\" for=\"brz-menu-simple__btn-xoxfc\"><span class=\"brz-menu-simple__icon--bars\"><\/span><\/label><\/p>\n<div style=\"min-height:20px\">\n<div class=\"menu-navbar-mobile-container\">\n<ul id=\"menu-navbar-mobile-1\" class=\"menu\">\n<li class=\"menu-item menu-item-type-post_type menu-item-object-page menu-item-2781\"><a href=\"https:\/\/rootofjoy.com\/hr\/services\/\">Usluge<\/a><\/li>\n<li class=\"menu-item menu-item-type-post_type menu-item-object-page menu-item-5385\"><a href=\"https:\/\/rootofjoy.com\/hr\/home-and-office-organization\/\">Organizacija doma i ureda<\/a><\/li>\n<li class=\"menu-item menu-item-type-post_type menu-item-object-page menu-item-5386\"><a href=\"https:\/\/rootofjoy.com\/hr\/meet-petra\/\">Upoznaj Petru<\/a><\/li>\n<li class=\"menu-item menu-item-type-post_type menu-item-object-page menu-item-3082\"><a href=\"https:\/\/rootofjoy.com\/hr\/zero-waste-3\/\">Zero waste<\/a><\/li>\n<li class=\"menu-item menu-item-type-post_type menu-item-object-page menu-item-5391\"><a href=\"https:\/\/rootofjoy.com\/hr\/faq\/\">\u010cesta pitanja<\/a><\/li>\n<li class=\"menu-item menu-item-type-post_type menu-item-object-page menu-item-2806\"><a href=\"https:\/\/rootofjoy.com\/hr\/contact\/\">Kontakt<\/a><\/li>\n<li class=\"trp-language-switcher-container menu-item menu-item-type-post_type menu-item-object-language_switcher current-language-menu-item menu-item-1654\"><a href=\"https:\/\/rootofjoy.com\/hr\/how-to-make-an-emulsion-a-natural-makeup-remover\/\"><span data-no-translation><span class=\"trp-ls-language-name\">EN<\/span><\/span><\/a><\/li>\n<li class=\"trp-language-switcher-container menu-item menu-item-type-post_type menu-item-object-language_switcher current-language-menu-item menu-item-1655\"><a href=\"https:\/\/rootofjoy.com\/hr\/how-to-make-an-emulsion-a-natural-makeup-remover\/\"><span data-no-translation><span class=\"trp-ls-language-name\">HR<\/span><\/span><\/a><\/li>\n<\/ul>\n<\/div>\n<\/div>\n<\/div>\n<\/div>\n<\/div>\n<\/div>\n<\/div>\n<\/div>\n<\/div>\n<\/div>\n<\/div>\n<\/section>\n<section data-uid=\"hmquhwpxaexsvufvlxxnvbdlghpoumsqeegz\" id=\"hmquhwpxaexsvufvlxxnvbdlghpoumsqeegz\" class=\"brz-section brz-css-gjlxq brz-css-imiul\">\n<div class=\"brz-section__content brz-section--boxed brz-css-wuekn brz-css-gjcez\" data-custom-id=\"aphsegbynlxejyuhkehnqbsfougpakglkqlc\">\n<div class=\"brz-container brz-css-lqkhe\">\n<div class=\"brz-css-ytnqw brz-wrapper\">\n<div class=\"brz-rich-text brz-rich-text__custom brz-css-xthqp\" data-custom-id=\"ccappximettwsyijnphxwciwlotdhdxljama\">\n<div>\n<h2 data-uniq-id=\"ocvzo\" data-generated-css=\"brz-css-wshls\" class=\"brz-css-sclfa\"><strong class=\"brz-cp-color7\">Kako napraviti emulziju - prirodno sredstvo za odstranjivanje \u0161minke <\/strong><\/h2>\n<\/div>\n<\/div>\n<\/div>\n<div class=\"brz-css-ytnqw brz-wrapper\">\n<div class=\"brz-image brz-css-qgzys\"><img decoding=\"async\" class=\"brz-img\" src=\"https:\/\/rootofjoy.com\/wp-content\/uploads\/brizy\/imgs\/DSC_1528-363x543x0x2x363x539x1651427919.jpg\" alt=\"Kako sami napraviti prirodni zero waste odstranjiva\u010d \u0161minke\" loading=\"lazy\" \/><\/div>\n<\/div>\n<div class=\"brz-css-ytnqw brz-css-otrgy brz-wrapper\">\n<div class=\"brz-spacer brz-css-gilry\"><\/div>\n<\/div>\n<div class=\"brz-css-ytnqw brz-wrapper\">\n<div class=\"brz-rich-text brz-rich-text__custom brz-css-xthqp\" data-custom-id=\"vfkrwktndelexrjghmciztgeufnajkvzzkkc\">\n<div>\n<p class=\"brz-css-eunbz\" data-uniq-id=\"fzhex\" data-generated-css=\"brz-css-locow\"><span class=\"brz-cp-color7\">Ova <\/span><strong class=\"brz-cp-color7\">doma\u0107a emulzija<\/strong><span class=\"brz-cp-color7\"> je prirodna, bez te\u0161kih kemikalija, dobra za va\u0161u ko\u017eu, veganska i netestirana na \u017eivotinjama, te dobra za okoli\u0161. \u010cak je i jeftinija od obi\u010dnog sredstva za uklanjanje \u0161minke, posebno kada kupujete sastojke u ve\u0107im koli\u010dinama. Jo\u0161 jedna sjajna stvar je da vam <\/span><strong class=\"brz-cp-color7\">ne trebaju blazinice za uklanjanje \u0161minke<\/strong><span class=\"brz-cp-color7\">; sve \u0161to trebate su \u010diste ruke i voda!<\/span><\/p>\n<\/div>\n<\/div>\n<\/div>\n<div class=\"brz-css-ytnqw brz-wrapper\">\n<div class=\"brz-rich-text brz-rich-text__custom brz-css-xthqp\" data-custom-id=\"sdgtfmhsqigdououipnogygnrhofmzizkcte\">\n<div>\n<p class=\"brz-css-ssqof\" data-generated-css=\"brz-css-ucmuj\" data-uniq-id=\"juyel\"><span class=\"brz-cp-color7\">Iako je mogu\u0107e o\u010distiti lice uljem i uz pomo\u0107 malo sapuna, nekima ipak tragovi ulja zatvaraju pore. Polisorbat 80 je emulgator koji poma\u017ee vodi da u potpunosti otkloni ulja.<\/span><\/p>\n<\/div>\n<\/div>\n<\/div>\n<div class=\"brz-css-ytnqw brz-wrapper\">\n<div class=\"brz-rich-text brz-rich-text__custom brz-css-xthqp\" data-custom-id=\"lpauagdhbnopybduvyxeducciimpmnliovfw\">\n<div>\n<p class=\"brz-css-kwhob\" data-uniq-id=\"ejlvg\" data-generated-css=\"brz-css-zjobx\"><strong class=\"brz-cp-color7\"><u>Recept<\/u><\/strong><\/p>\n<p class=\"brz-css-hbtpb\" data-uniq-id=\"vhrvp\" data-generated-css=\"brz-css-kkvur\"><strong class=\"brz-cp-color7\">Suncokretovo ulje: <\/strong><span class=\"brz-cp-color7\"> 70 ml \/ 2.36 oz<\/span><\/p>\n<p class=\"brz-css-ajuqd\" data-uniq-id=\"ujlwt\" data-generated-css=\"brz-css-bdjty\"><strong class=\"brz-cp-color7\">Ricinusovo ulje: <\/strong><span class=\"brz-cp-color7\"> 10 ml \/ 0.33 oz<\/span><\/p>\n<p class=\"brz-css-yxztj\" data-uniq-id=\"rhsog\" data-generated-css=\"brz-css-umbup\"><strong class=\"brz-cp-color7\">Polisorbat 80: <\/strong><span class=\"brz-cp-color7\">20 ml \/ 0.67 oz<\/span><\/p>\n<\/div>\n<\/div>\n<\/div>\n<div class=\"brz-css-ytnqw brz-wrapper\">\n<div class=\"brz-rich-text brz-rich-text__custom brz-css-xthqp\" data-custom-id=\"bdxmmnuxtodgkxcgnqqkzarvtlkkxejsxtht\">\n<div>\n<p class=\"brz-css-hdahm\" data-uniq-id=\"hvpgs\" data-generated-css=\"brz-css-ykcqe\"><strong class=\"brz-cp-color7\"><u>Koraci<\/u><\/strong><\/p>\n<p class=\"brz-css-usssk\" data-uniq-id=\"rttvm\" data-generated-css=\"brz-css-newvf\"><strong class=\"brz-cp-color7\">Korak 1<\/strong><span class=\"brz-cp-color7\">. Stavite sve sastojke u bo\u010dicu<\/span><\/p>\n<p class=\"brz-css-tdume\" data-uniq-id=\"jpmck\" data-generated-css=\"brz-css-xoraz\"><strong class=\"brz-cp-color7\">Korak 2<\/strong><span class=\"brz-cp-color7\">. Protresite prije upotrebe, izlijte u suhe ruke (mo\u017eete ih malo namo\u010diti ako je emulzija presuha) i o\u010distite lice.<\/span><\/p>\n<\/div>\n<\/div>\n<\/div>\n<\/div>\n<\/div>\n<\/section>\n<section data-uid=\"zkidsbfduxoxngpbtqkkyeicglycuhtdbxpk\" id=\"zkidsbfduxoxngpbtqkkyeicglycuhtdbxpk\" class=\"brz-section brz-css-gjlxq\">\n<div class=\"brz-section__content brz-section--boxed brz-css-wuekn\" data-custom-id=\"sbvgcfmgfelejdirisnpdhfpqlvjghtwaoje\">\n<div class=\"brz-container brz-css-lqkhe\"><\/div>\n<\/div>\n<\/section>\n<\/div>\n<p><!-- version:1756483178 --><\/p>","protected":false},"excerpt":{"rendered":"<p>Services Home and office organization Meet Petra Zero waste FAQ Contact EN HR Root of Joy Services Home and office organization Meet Petra Zero waste FAQ Contact EN HR Services Home and office organization Meet Petra Zero waste FAQ Contact EN HR How to make an emulsion &#8211; a natural makeup remover This home-made emulsion&hellip; <a class=\"more-link\" href=\"https:\/\/rootofjoy.com\/hr\/how-to-make-an-emulsion-a-natural-makeup-remover\/\">Nastavi \u010ditati <span class=\"screen-reader-text\">How to make an emulsion -a natural makeup remover<\/span><\/a><\/p>","protected":false},"author":1,"featured_media":0,"parent":0,"menu_order":0,"comment_status":"closed","ping_status":"closed","template":"brizy-blank-template.php","meta":{"footnotes":""},"class_list":["post-2823","page","type-page","status-publish","hentry","entry"],"yoast_head":"<!-- This site is optimized with the Yoast SEO plugin v26.9 - https:\/\/yoast.com\/product\/yoast-seo-wordpress\/ -->\n<title>How to make an emulsion -a natural makeup remover - Root of Joy<\/title>\n<meta name=\"robots\" content=\"index, follow, max-snippet:-1, max-image-preview:large, max-video-preview:-1\" \/>\n<link rel=\"canonical\" href=\"https:\/\/rootofjoy.com\/hr\/how-to-make-an-emulsion-a-natural-makeup-remover\/\" \/>\n<meta property=\"og:locale\" content=\"hr_HR\" \/>\n<meta property=\"og:type\" content=\"article\" \/>\n<meta property=\"og:title\" content=\"How to make an emulsion -a natural makeup remover - Root of Joy\" \/>\n<meta property=\"og:description\" content=\"Services Home and office organization Meet Petra Zero waste FAQ Contact EN HR Root of Joy Services Home and office organization Meet Petra Zero waste FAQ Contact EN HR Services Home and office organization Meet Petra Zero waste FAQ Contact EN HR How to make an emulsion &#8211; a natural makeup remover This home-made emulsion&hellip; Nastavi \u010ditati How to make an emulsion -a natural makeup remover\" \/>\n<meta property=\"og:url\" content=\"https:\/\/rootofjoy.com\/hr\/how-to-make-an-emulsion-a-natural-makeup-remover\/\" \/>\n<meta property=\"og:site_name\" content=\"Root of Joy\" \/>\n<meta property=\"article:publisher\" content=\"https:\/\/www.facebook.com\/Root-of-Joy-101660411800681\" \/>\n<meta property=\"article:modified_time\" content=\"2026-02-10T08:46:29+00:00\" \/>\n<meta property=\"og:image\" content=\"https:\/\/rootofjoy.com\/wp-content\/uploads\/brizy\/imgs\/logo-2-150x150x0x0x150x150x1615400984.png\" \/>\n<meta name=\"twitter:card\" content=\"summary_large_image\" \/>\n<script type=\"application\/ld+json\" class=\"yoast-schema-graph\">{\"@context\":\"https:\/\/schema.org\",\"@graph\":[{\"@type\":\"WebPage\",\"@id\":\"https:\/\/rootofjoy.com\/hr\/how-to-make-an-emulsion-a-natural-makeup-remover\/\",\"url\":\"https:\/\/rootofjoy.com\/hr\/how-to-make-an-emulsion-a-natural-makeup-remover\/\",\"name\":\"How to make an emulsion -a natural makeup remover - Root of Joy\",\"isPartOf\":{\"@id\":\"https:\/\/rootofjoy.com\/#website\"},\"primaryImageOfPage\":{\"@id\":\"https:\/\/rootofjoy.com\/hr\/how-to-make-an-emulsion-a-natural-makeup-remover\/#primaryimage\"},\"image\":{\"@id\":\"https:\/\/rootofjoy.com\/hr\/how-to-make-an-emulsion-a-natural-makeup-remover\/#primaryimage\"},\"thumbnailUrl\":\"https:\/\/rootofjoy.com\/wp-content\/uploads\/brizy\/imgs\/logo-2-150x150x0x0x150x150x1615400984.png\",\"datePublished\":\"2022-05-01T19:38:25+00:00\",\"dateModified\":\"2026-02-10T08:46:29+00:00\",\"breadcrumb\":{\"@id\":\"https:\/\/rootofjoy.com\/hr\/how-to-make-an-emulsion-a-natural-makeup-remover\/#breadcrumb\"},\"inLanguage\":\"hr\",\"potentialAction\":[{\"@type\":\"ReadAction\",\"target\":[\"https:\/\/rootofjoy.com\/hr\/how-to-make-an-emulsion-a-natural-makeup-remover\/\"]}]},{\"@type\":\"ImageObject\",\"inLanguage\":\"hr\",\"@id\":\"https:\/\/rootofjoy.com\/hr\/how-to-make-an-emulsion-a-natural-makeup-remover\/#primaryimage\",\"url\":\"https:\/\/rootofjoy.com\/wp-content\/uploads\/brizy\/imgs\/logo-2-150x150x0x0x150x150x1615400984.png\",\"contentUrl\":\"https:\/\/rootofjoy.com\/wp-content\/uploads\/brizy\/imgs\/logo-2-150x150x0x0x150x150x1615400984.png\"},{\"@type\":\"BreadcrumbList\",\"@id\":\"https:\/\/rootofjoy.com\/hr\/how-to-make-an-emulsion-a-natural-makeup-remover\/#breadcrumb\",\"itemListElement\":[{\"@type\":\"ListItem\",\"position\":1,\"name\":\"Home\",\"item\":\"https:\/\/rootofjoy.com\/\"},{\"@type\":\"ListItem\",\"position\":2,\"name\":\"How to make an emulsion -a natural makeup remover\"}]},{\"@type\":\"WebSite\",\"@id\":\"https:\/\/rootofjoy.com\/#website\",\"url\":\"https:\/\/rootofjoy.com\/\",\"name\":\"Root of Joy\",\"description\":\"KonMari metoda i Zero waste organizacija doma i radnog mjesta u Zagrebu\",\"potentialAction\":[{\"@type\":\"SearchAction\",\"target\":{\"@type\":\"EntryPoint\",\"urlTemplate\":\"https:\/\/rootofjoy.com\/?s={search_term_string}\"},\"query-input\":{\"@type\":\"PropertyValueSpecification\",\"valueRequired\":true,\"valueName\":\"search_term_string\"}}],\"inLanguage\":\"hr\"}]}<\/script>\n<!-- \/ Yoast SEO plugin. -->","yoast_head_json":{"title":"How to make an emulsion -a natural makeup remover - Root of Joy","robots":{"index":"index","follow":"follow","max-snippet":"max-snippet:-1","max-image-preview":"max-image-preview:large","max-video-preview":"max-video-preview:-1"},"canonical":"https:\/\/rootofjoy.com\/hr\/how-to-make-an-emulsion-a-natural-makeup-remover\/","og_locale":"hr_HR","og_type":"article","og_title":"How to make an emulsion -a natural makeup remover - Root of Joy","og_description":"Services Home and office organization Meet Petra Zero waste FAQ Contact EN HR Root of Joy Services Home and office organization Meet Petra Zero waste FAQ Contact EN HR Services Home and office organization Meet Petra Zero waste FAQ Contact EN HR How to make an emulsion &#8211; a natural makeup remover This home-made emulsion&hellip; Nastavi \u010ditati How to make an emulsion -a natural makeup remover","og_url":"https:\/\/rootofjoy.com\/hr\/how-to-make-an-emulsion-a-natural-makeup-remover\/","og_site_name":"Root of Joy","article_publisher":"https:\/\/www.facebook.com\/Root-of-Joy-101660411800681","article_modified_time":"2026-02-10T08:46:29+00:00","og_image":[{"url":"https:\/\/rootofjoy.com\/wp-content\/uploads\/brizy\/imgs\/logo-2-150x150x0x0x150x150x1615400984.png","type":"","width":"","height":""}],"twitter_card":"summary_large_image","schema":{"@context":"https:\/\/schema.org","@graph":[{"@type":"WebPage","@id":"https:\/\/rootofjoy.com\/hr\/how-to-make-an-emulsion-a-natural-makeup-remover\/","url":"https:\/\/rootofjoy.com\/hr\/how-to-make-an-emulsion-a-natural-makeup-remover\/","name":"How to make an emulsion -a natural makeup remover - Root of Joy","isPartOf":{"@id":"https:\/\/rootofjoy.com\/#website"},"primaryImageOfPage":{"@id":"https:\/\/rootofjoy.com\/hr\/how-to-make-an-emulsion-a-natural-makeup-remover\/#primaryimage"},"image":{"@id":"https:\/\/rootofjoy.com\/hr\/how-to-make-an-emulsion-a-natural-makeup-remover\/#primaryimage"},"thumbnailUrl":"https:\/\/rootofjoy.com\/wp-content\/uploads\/brizy\/imgs\/logo-2-150x150x0x0x150x150x1615400984.png","datePublished":"2022-05-01T19:38:25+00:00","dateModified":"2026-02-10T08:46:29+00:00","breadcrumb":{"@id":"https:\/\/rootofjoy.com\/hr\/how-to-make-an-emulsion-a-natural-makeup-remover\/#breadcrumb"},"inLanguage":"hr","potentialAction":[{"@type":"ReadAction","target":["https:\/\/rootofjoy.com\/hr\/how-to-make-an-emulsion-a-natural-makeup-remover\/"]}]},{"@type":"ImageObject","inLanguage":"hr","@id":"https:\/\/rootofjoy.com\/hr\/how-to-make-an-emulsion-a-natural-makeup-remover\/#primaryimage","url":"https:\/\/rootofjoy.com\/wp-content\/uploads\/brizy\/imgs\/logo-2-150x150x0x0x150x150x1615400984.png","contentUrl":"https:\/\/rootofjoy.com\/wp-content\/uploads\/brizy\/imgs\/logo-2-150x150x0x0x150x150x1615400984.png"},{"@type":"BreadcrumbList","@id":"https:\/\/rootofjoy.com\/hr\/how-to-make-an-emulsion-a-natural-makeup-remover\/#breadcrumb","itemListElement":[{"@type":"ListItem","position":1,"name":"Home","item":"https:\/\/rootofjoy.com\/"},{"@type":"ListItem","position":2,"name":"How to make an emulsion -a natural makeup remover"}]},{"@type":"WebSite","@id":"https:\/\/rootofjoy.com\/#website","url":"https:\/\/rootofjoy.com\/","name":"Root of Joy","description":"KonMari metoda i Zero waste organizacija doma i radnog mjesta u Zagrebu","potentialAction":[{"@type":"SearchAction","target":{"@type":"EntryPoint","urlTemplate":"https:\/\/rootofjoy.com\/?s={search_term_string}"},"query-input":{"@type":"PropertyValueSpecification","valueRequired":true,"valueName":"search_term_string"}}],"inLanguage":"hr"}]}},"brizy_media":[{"id":2723,"url":"https:\/\/rootofjoy.com\/wp-content\/uploads\/2022\/05\/DSC_1528.jpg","name":"DSC_1528.jpg","meta":{"brizy_attachment_uid":"wp-e1b8435dc31a21dadc55c17c8681735f.jpg","brizy_post_uid":["6b0db72e109bcfad0c2415fe48ae2142","035e12656365cb474ff7a8b3db845beb"]}}],"_links":{"self":[{"href":"https:\/\/rootofjoy.com\/hr\/wp-json\/wp\/v2\/pages\/2823","targetHints":{"allow":["GET"]}}],"collection":[{"href":"https:\/\/rootofjoy.com\/hr\/wp-json\/wp\/v2\/pages"}],"about":[{"href":"https:\/\/rootofjoy.com\/hr\/wp-json\/wp\/v2\/types\/page"}],"author":[{"embeddable":true,"href":"https:\/\/rootofjoy.com\/hr\/wp-json\/wp\/v2\/users\/1"}],"replies":[{"embeddable":true,"href":"https:\/\/rootofjoy.com\/hr\/wp-json\/wp\/v2\/comments?post=2823"}],"version-history":[{"count":24,"href":"https:\/\/rootofjoy.com\/hr\/wp-json\/wp\/v2\/pages\/2823\/revisions"}],"predecessor-version":[{"id":4774,"href":"https:\/\/rootofjoy.com\/hr\/wp-json\/wp\/v2\/pages\/2823\/revisions\/4774"}],"wp:attachment":[{"href":"https:\/\/rootofjoy.com\/hr\/wp-json\/wp\/v2\/media?parent=2823"}],"curies":[{"name":"wp","href":"https:\/\/api.w.org\/{rel}","templated":true}]}}