{"id":7540,"date":"2022-12-11T22:51:03","date_gmt":"2022-12-11T22:51:03","guid":{"rendered":"https:\/\/rootofjoy.com\/?page_id=7540"},"modified":"2026-02-10T15:42:20","modified_gmt":"2026-02-10T15:42:20","slug":"how-to-organize-a-closet","status":"publish","type":"page","link":"https:\/\/rootofjoy.com\/hr\/how-to-organize-a-closet\/","title":{"rendered":"Kako organizirati ormar"},"content":{"rendered":"<div class=\"brz-root__container brz-reset-all\">\n<section data-uid=\"fghnfhxclnxaquvtfunsdocjzhvkvujctjql\" id=\"fghnfhxclnxaquvtfunsdocjzhvkvujctjql\" class=\"brz-section brz-css-ilibb brz-css-slpcy\">\n<div class=\"brz-section__content brz-section--boxed brz-css-ootgc brz-css-bqlby\" data-custom-id=\"dkskzkzaqlbydohtssqtnjxxswazkayafzyi\">\n<div class=\"brz-container brz-css-bowzd\">\n<div class=\"brz-css-azqil brz-wrapper\">\n<div class=\"brz-rich-text brz-rich-text__custom brz-css-mtpoq\" data-custom-id=\"irbawtypjfvrqadishuagospartwxwrfumxb\">\n<div>\n<h1 class=\"brz-css-xlepa\" data-uniq-id=\"kpgdj\" data-generated-css=\"brz-css-dyonj\"><span class=\"brz-cp-color7\">Kako organizirati ormar<\/span><\/h1>\n<\/div>\n<\/div>\n<\/div>\n<div class=\"brz-css-azqil brz-wrapper\">\n<div class=\"brz-image brz-css-uzggg\"><img decoding=\"async\" class=\"brz-img\" src=\"https:\/\/rootofjoy.com\/wp-content\/uploads\/brizy\/imgs\/DSC_2440-2-585x876x0x0x585x876x1670798631.jpg\" alt=\"\" loading=\"lazy\" \/><\/div>\n<\/div>\n<div class=\"brz-css-azqil brz-wrapper\">\n<div class=\"brz-rich-text brz-rich-text__custom brz-css-mtpoq\" data-custom-id=\"slvwmyzhfektnmdwuhkwndxxbqlekqfriplg\">\n<div>\n<p data-generated-css=\"brz-css-qgijk\" data-uniq-id=\"wdhjs\" class=\"brz-css-dqaih\"><span class=\"brz-cp-color7\">U nastavku nekoliko op\u0107ih savjeta kako maksimalno iskoristiti prostor u ormaru. Koristite ono \u0161to vam najvi\u0161e odgovara jer nisu svi ormari jednako kreirani.<\/span><\/p>\n<\/div>\n<\/div>\n<\/div>\n<div class=\"brz-css-azqil brz-wrapper\">\n<div class=\"brz-rich-text brz-rich-text__custom brz-css-mtpoq\" data-custom-id=\"slndjtovpnewpesdpadqbrkdaycqklhalmpm\">\n<div>\n<ul>\n<li class=\"brz-css-cxtof\" data-uniq-id=\"epxzu\" data-generated-css=\"brz-css-ikecx\"><strong>Slo\u017eite <\/strong><span>\u0161to je vi\u0161e mogu\u0107e odje\u0107e, najbolje u ladicama, zatim u kutijama\u00a0\u00a0\u00a0\u00a0<\/span><\/li>\n<li class=\"brz-css-zmwhy\" data-uniq-id=\"wknpk\" data-generated-css=\"brz-css-rwufb\"><strong>Predmeti iz kategorije komono<\/strong><span>; izvansezonsku odje\u0107u, torbe, \u0161e\u0161ire, opremu za planinarenje i skijanje, ukrase i sezonske dekoracije najbolje je \u010duvati u gornjem dijelu ormara<\/span><\/li>\n<li class=\"brz-css-dzpsm\" data-uniq-id=\"tkhlv\" data-generated-css=\"brz-css-elain\"><span>\u00b7<\/span><strong>Posteljina se stavlja na gornje police<\/strong><span>, daleko od vlage i pra\u0161ine.\u00a0\u00a0\u00a0\u00a0<\/span><\/li>\n<li class=\"brz-css-wblvd\" data-uniq-id=\"ejynp\" data-generated-css=\"brz-css-bssry\"><strong>Dno je rezervirano za velike predmete <\/strong><span>like suitcases or instruments and electrical appliances such as fans and heathers <\/span><\/li>\n<li class=\"brz-css-myyaw\" data-uniq-id=\"ejynp\" data-generated-css=\"brz-css-bssry\"><strong>Ako dvije osobe koriste ormar<\/strong><span>, pobrinite se da svaka od njih ima svoje vlastito mjesto<\/span><\/li>\n<li class=\"brz-css-ijdhj\" data-uniq-id=\"svwzo\" data-generated-css=\"brz-css-rrdnm\"><strong>Identi\u010dne vje\u0161alice<\/strong><span> \u010dine prekrasnu razliku u va\u0161em ormaru <\/span><\/li>\n<li class=\"brz-css-behif\" data-uniq-id=\"cvuoo\" data-generated-css=\"brz-css-dvoap\"><span>\u00b7<\/span><strong>Ukrasite unutarnji dio ormara<\/strong><span>, taj prostor je sli\u010dan sobi i treba ga promatrati kao njezin produ\u017eetak.<\/span><\/li>\n<li class=\"brz-css-dtios\" data-uniq-id=\"igdof\" data-generated-css=\"brz-css-ixgmk\"><span>Ako komoda s ladicama ima mnogo ladica, <\/span><strong>najlak\u0161e stvari stavite u gornju, a najte\u017ee u donju ladicu.<\/strong><\/li>\n<li class=\"brz-css-qinez\" data-uniq-id=\"ykily\" data-generated-css=\"brz-css-fnbut\"><span>Ako je va\u0161a polica posebno visoka, mo\u017eete <\/span><strong>spremiti dvije kutije slo\u017eene odje\u0107e, jednu na drugu<\/strong><\/li>\n<li class=\"brz-css-nyvug\" data-uniq-id=\"auuea\" data-generated-css=\"brz-css-zicmv\"><strong>Dr\u017eite naramenice grudnjaka, vezice ili gumbe u malim kutijama<\/strong><\/li>\n<\/ul>\n<\/div>\n<\/div>\n<\/div>\n<div class=\"brz-css-azqil brz-wrapper\">\n<div class=\"brz-rich-text brz-rich-text__custom brz-css-mtpoq\" data-custom-id=\"hzmqdclbhqamdiqftxzywyhjsfoitlbxahiw\">\n<div>\n<h2 data-generated-css=\"brz-css-ssyuz\" data-uniq-id=\"pzatj\" class=\"brz-css-ngqqt\"><u class=\"brz-cp-color7\">Izvansezonska odje\u0107a<\/u><\/h2>\n<\/div>\n<\/div>\n<\/div>\n<div class=\"brz-css-azqil brz-wrapper\">\n<div class=\"brz-image brz-css-cuwrx\"><img decoding=\"async\" class=\"brz-img\" src=\"https:\/\/rootofjoy.com\/wp-content\/uploads\/brizy\/imgs\/DSC_6273-585x390x0x0x585x390x1670798959.jpg\" alt=\"\" loading=\"lazy\" \/><\/div>\n<\/div>\n<div class=\"brz-css-azqil brz-wrapper\">\n<div class=\"brz-rich-text brz-rich-text__custom brz-css-mtpoq\" data-custom-id=\"aecmmdrtfxsdannypaetugukajfyoagudmll\">\n<div>\n<p data-generated-css=\"brz-css-arysl\" data-uniq-id=\"zzhmc\" class=\"brz-css-yilfx\"><span class=\"brz-cp-color7\">Najbolje rje\u0161enje je ne spremati vansezonsku odje\u0107u jer \u0107emo na nju ili zaboraviti ili se zadovoljiti ne\u010dim drugim jer se treba potruditi da ju izvadimo. Tako\u0111er, s obzirom na nagle promjene vremena to tako\u0111er postaje i nu\u017enost.\nAko ju morate spremiti, ne trebate napraviti puno potkategorija; jednostavno grupirajte stavke koje su sli\u010dne. <\/span><\/p>\n<\/div>\n<\/div>\n<\/div>\n<\/div>\n<\/div>\n<\/section>\n<\/div>\n<p><!-- version:1756483160 --><\/p>","protected":false},"excerpt":{"rendered":"<p>How to organize a closet Here are some general pointers for making the most of your closet space. Use whatever suits you the most because not all closets are created equally. Fold as much as possible, preferably in drawers then in the boxes\u00a0\u00a0\u00a0\u00a0 Items from komono category; off-season clothing, bags, hats, equipment for hiking and&hellip; <a class=\"more-link\" href=\"https:\/\/rootofjoy.com\/hr\/how-to-organize-a-closet\/\">Nastavi \u010ditati <span class=\"screen-reader-text\">Kako organizirati ormar<\/span><\/a><\/p>","protected":false},"author":2,"featured_media":0,"parent":0,"menu_order":0,"comment_status":"closed","ping_status":"closed","template":"brizy-blank-template.php","meta":{"footnotes":""},"class_list":["post-7540","page","type-page","status-publish","hentry","entry"],"yoast_head":"<!-- This site is optimized with the Yoast SEO plugin v26.9 - https:\/\/yoast.com\/product\/yoast-seo-wordpress\/ -->\n<title>How to organize a closet - Root of Joy<\/title>\n<meta name=\"robots\" content=\"index, follow, max-snippet:-1, max-image-preview:large, max-video-preview:-1\" \/>\n<link rel=\"canonical\" href=\"https:\/\/rootofjoy.com\/hr\/how-to-organize-a-closet\/\" \/>\n<meta property=\"og:locale\" content=\"hr_HR\" \/>\n<meta property=\"og:type\" content=\"article\" \/>\n<meta property=\"og:title\" content=\"How to organize a closet - Root of Joy\" \/>\n<meta property=\"og:description\" content=\"How to organize a closet Here are some general pointers for making the most of your closet space. Use whatever suits you the most because not all closets are created equally. Fold as much as possible, preferably in drawers then in the boxes\u00a0\u00a0\u00a0\u00a0 Items from komono category; off-season clothing, bags, hats, equipment for hiking and&hellip; Nastavi \u010ditati How to organize a closet\" \/>\n<meta property=\"og:url\" content=\"https:\/\/rootofjoy.com\/hr\/how-to-organize-a-closet\/\" \/>\n<meta property=\"og:site_name\" content=\"Root of Joy\" \/>\n<meta property=\"article:publisher\" content=\"https:\/\/www.facebook.com\/Root-of-Joy-101660411800681\" \/>\n<meta property=\"article:modified_time\" content=\"2026-02-10T15:42:20+00:00\" \/>\n<meta property=\"og:image\" content=\"https:\/\/rootofjoy.com\/wp-content\/uploads\/brizy\/imgs\/DSC_2440-2-585x876x0x0x585x876x1670798631.jpg\" \/>\n<meta name=\"twitter:card\" content=\"summary_large_image\" \/>\n<meta name=\"twitter:label1\" content=\"Procijenjeno vrijeme \u010ditanja\" \/>\n\t<meta name=\"twitter:data1\" content=\"1 minuta\" \/>\n<script type=\"application\/ld+json\" class=\"yoast-schema-graph\">{\"@context\":\"https:\/\/schema.org\",\"@graph\":[{\"@type\":\"WebPage\",\"@id\":\"https:\/\/rootofjoy.com\/hr\/how-to-organize-a-closet\/\",\"url\":\"https:\/\/rootofjoy.com\/hr\/how-to-organize-a-closet\/\",\"name\":\"How to organize a closet - Root of Joy\",\"isPartOf\":{\"@id\":\"https:\/\/rootofjoy.com\/#website\"},\"primaryImageOfPage\":{\"@id\":\"https:\/\/rootofjoy.com\/hr\/how-to-organize-a-closet\/#primaryimage\"},\"image\":{\"@id\":\"https:\/\/rootofjoy.com\/hr\/how-to-organize-a-closet\/#primaryimage\"},\"thumbnailUrl\":\"https:\/\/rootofjoy.com\/wp-content\/uploads\/brizy\/imgs\/DSC_2440-2-585x876x0x0x585x876x1670798631.jpg\",\"datePublished\":\"2022-12-11T22:51:03+00:00\",\"dateModified\":\"2026-02-10T15:42:20+00:00\",\"breadcrumb\":{\"@id\":\"https:\/\/rootofjoy.com\/hr\/how-to-organize-a-closet\/#breadcrumb\"},\"inLanguage\":\"hr\",\"potentialAction\":[{\"@type\":\"ReadAction\",\"target\":[\"https:\/\/rootofjoy.com\/hr\/how-to-organize-a-closet\/\"]}]},{\"@type\":\"ImageObject\",\"inLanguage\":\"hr\",\"@id\":\"https:\/\/rootofjoy.com\/hr\/how-to-organize-a-closet\/#primaryimage\",\"url\":\"https:\/\/rootofjoy.com\/wp-content\/uploads\/brizy\/imgs\/DSC_2440-2-585x876x0x0x585x876x1670798631.jpg\",\"contentUrl\":\"https:\/\/rootofjoy.com\/wp-content\/uploads\/brizy\/imgs\/DSC_2440-2-585x876x0x0x585x876x1670798631.jpg\"},{\"@type\":\"BreadcrumbList\",\"@id\":\"https:\/\/rootofjoy.com\/hr\/how-to-organize-a-closet\/#breadcrumb\",\"itemListElement\":[{\"@type\":\"ListItem\",\"position\":1,\"name\":\"Home\",\"item\":\"https:\/\/rootofjoy.com\/\"},{\"@type\":\"ListItem\",\"position\":2,\"name\":\"How to organize a closet\"}]},{\"@type\":\"WebSite\",\"@id\":\"https:\/\/rootofjoy.com\/#website\",\"url\":\"https:\/\/rootofjoy.com\/\",\"name\":\"Root of Joy\",\"description\":\"KonMari metoda i Zero waste organizacija doma i radnog mjesta u Zagrebu\",\"potentialAction\":[{\"@type\":\"SearchAction\",\"target\":{\"@type\":\"EntryPoint\",\"urlTemplate\":\"https:\/\/rootofjoy.com\/?s={search_term_string}\"},\"query-input\":{\"@type\":\"PropertyValueSpecification\",\"valueRequired\":true,\"valueName\":\"search_term_string\"}}],\"inLanguage\":\"hr\"}]}<\/script>\n<!-- \/ Yoast SEO plugin. -->","yoast_head_json":{"title":"How to organize a closet - Root of Joy","robots":{"index":"index","follow":"follow","max-snippet":"max-snippet:-1","max-image-preview":"max-image-preview:large","max-video-preview":"max-video-preview:-1"},"canonical":"https:\/\/rootofjoy.com\/hr\/how-to-organize-a-closet\/","og_locale":"hr_HR","og_type":"article","og_title":"How to organize a closet - Root of Joy","og_description":"How to organize a closet Here are some general pointers for making the most of your closet space. Use whatever suits you the most because not all closets are created equally. Fold as much as possible, preferably in drawers then in the boxes\u00a0\u00a0\u00a0\u00a0 Items from komono category; off-season clothing, bags, hats, equipment for hiking and&hellip; Nastavi \u010ditati How to organize a closet","og_url":"https:\/\/rootofjoy.com\/hr\/how-to-organize-a-closet\/","og_site_name":"Root of Joy","article_publisher":"https:\/\/www.facebook.com\/Root-of-Joy-101660411800681","article_modified_time":"2026-02-10T15:42:20+00:00","og_image":[{"url":"https:\/\/rootofjoy.com\/wp-content\/uploads\/brizy\/imgs\/DSC_2440-2-585x876x0x0x585x876x1670798631.jpg","type":"","width":"","height":""}],"twitter_card":"summary_large_image","twitter_misc":{"Procijenjeno vrijeme \u010ditanja":"1 minuta"},"schema":{"@context":"https:\/\/schema.org","@graph":[{"@type":"WebPage","@id":"https:\/\/rootofjoy.com\/hr\/how-to-organize-a-closet\/","url":"https:\/\/rootofjoy.com\/hr\/how-to-organize-a-closet\/","name":"How to organize a closet - Root of Joy","isPartOf":{"@id":"https:\/\/rootofjoy.com\/#website"},"primaryImageOfPage":{"@id":"https:\/\/rootofjoy.com\/hr\/how-to-organize-a-closet\/#primaryimage"},"image":{"@id":"https:\/\/rootofjoy.com\/hr\/how-to-organize-a-closet\/#primaryimage"},"thumbnailUrl":"https:\/\/rootofjoy.com\/wp-content\/uploads\/brizy\/imgs\/DSC_2440-2-585x876x0x0x585x876x1670798631.jpg","datePublished":"2022-12-11T22:51:03+00:00","dateModified":"2026-02-10T15:42:20+00:00","breadcrumb":{"@id":"https:\/\/rootofjoy.com\/hr\/how-to-organize-a-closet\/#breadcrumb"},"inLanguage":"hr","potentialAction":[{"@type":"ReadAction","target":["https:\/\/rootofjoy.com\/hr\/how-to-organize-a-closet\/"]}]},{"@type":"ImageObject","inLanguage":"hr","@id":"https:\/\/rootofjoy.com\/hr\/how-to-organize-a-closet\/#primaryimage","url":"https:\/\/rootofjoy.com\/wp-content\/uploads\/brizy\/imgs\/DSC_2440-2-585x876x0x0x585x876x1670798631.jpg","contentUrl":"https:\/\/rootofjoy.com\/wp-content\/uploads\/brizy\/imgs\/DSC_2440-2-585x876x0x0x585x876x1670798631.jpg"},{"@type":"BreadcrumbList","@id":"https:\/\/rootofjoy.com\/hr\/how-to-organize-a-closet\/#breadcrumb","itemListElement":[{"@type":"ListItem","position":1,"name":"Home","item":"https:\/\/rootofjoy.com\/"},{"@type":"ListItem","position":2,"name":"How to organize a closet"}]},{"@type":"WebSite","@id":"https:\/\/rootofjoy.com\/#website","url":"https:\/\/rootofjoy.com\/","name":"Root of Joy","description":"KonMari metoda i Zero waste organizacija doma i radnog mjesta u Zagrebu","potentialAction":[{"@type":"SearchAction","target":{"@type":"EntryPoint","urlTemplate":"https:\/\/rootofjoy.com\/?s={search_term_string}"},"query-input":{"@type":"PropertyValueSpecification","valueRequired":true,"valueName":"search_term_string"}}],"inLanguage":"hr"}]}},"brizy_media":[{"id":7551,"url":"https:\/\/rootofjoy.com\/wp-content\/uploads\/2022\/12\/DSC_2440-2.jpg","name":"DSC_2440-2.jpg","meta":{"brizy_attachment_uid":"wp-bba3125195d1ed502bb9eefbb386f9c1.jpg","brizy_post_uid":["597c76df96b526bbc9f1e8889ed944bf"]}},{"id":7570,"url":"https:\/\/rootofjoy.com\/wp-content\/uploads\/2022\/12\/DSC_6273.jpg","name":"DSC_6273.jpg","meta":{"brizy_attachment_uid":"wp-b4794b3582dadeb705fd9d3dabe9857c.jpg","brizy_post_uid":["597c76df96b526bbc9f1e8889ed944bf"]}}],"_links":{"self":[{"href":"https:\/\/rootofjoy.com\/hr\/wp-json\/wp\/v2\/pages\/7540","targetHints":{"allow":["GET"]}}],"collection":[{"href":"https:\/\/rootofjoy.com\/hr\/wp-json\/wp\/v2\/pages"}],"about":[{"href":"https:\/\/rootofjoy.com\/hr\/wp-json\/wp\/v2\/types\/page"}],"author":[{"embeddable":true,"href":"https:\/\/rootofjoy.com\/hr\/wp-json\/wp\/v2\/users\/2"}],"replies":[{"embeddable":true,"href":"https:\/\/rootofjoy.com\/hr\/wp-json\/wp\/v2\/comments?post=7540"}],"version-history":[{"count":15,"href":"https:\/\/rootofjoy.com\/hr\/wp-json\/wp\/v2\/pages\/7540\/revisions"}],"predecessor-version":[{"id":7618,"href":"https:\/\/rootofjoy.com\/hr\/wp-json\/wp\/v2\/pages\/7540\/revisions\/7618"}],"wp:attachment":[{"href":"https:\/\/rootofjoy.com\/hr\/wp-json\/wp\/v2\/media?parent=7540"}],"curies":[{"name":"wp","href":"https:\/\/api.w.org\/{rel}","templated":true}]}}